{"id":3214,"date":"2017-05-10T07:34:26","date_gmt":"2017-05-10T07:34:26","guid":{"rendered":"https:\/\/themes.themegoods.com\/grandwedding\/demo\/?page_id=3214"},"modified":"2023-11-18T19:30:44","modified_gmt":"2023-11-18T19:30:44","slug":"home-wedding-announcement-1","status":"publish","type":"page","link":"https:\/\/sandradomizi.com\/","title":{"rendered":"Home &#8211; Wedding Announcement 1"},"content":{"rendered":"<div  class=\"one withsmallpadding ppb_text_image withbg parallax \" style=\"background-image:url(https:\/\/sandradomizi.com\/wp-content\/uploads\/2023\/11\/Diseno-sin-titulo-37.png);background-position: center top;text-align:center;padding:280px 0 280px 0;color:#ffffff !important;\" >\n<div class=\"overlay_background\" style=\"background:#000000;background:rgb(0,0,0,0.2);background:rgba(0,0,0,0.2);\"><\/div>\n<div class=\"standard_wrapper\">\n<div class=\"page_content_wrapper\">\n<div class=\"inner\">\n<div style=\"margin:auto;width:100%\">\n<h1><\/h1>\n<h1 style=\"color: #fff; font-size: 46px;\"><img loading=\"lazy\" loading=\"lazy\" loading=\"lazy\" decoding=\"async\" class=\"alignnone size-full wp-image-3574\" src=\"https:\/\/sandradomizi.com\/wp-content\/uploads\/2023\/11\/SD-blanco-sinfondo-1-2.png\" alt=\"\" width=\"157\" height=\"145\" \/><\/h2>\n<h1 class=\"widgettitle\" style=\"color: #fff; font-size: 25px;\">Eventos exclusivos<\/h2>\n<h2 class=\"widgettitle\" style=\"color: #fff; border-color: #fff; margin-top: 20px;\"><\/h2>\n<\/div>\n<\/div>\n<\/div>\n<\/div>\n<\/div>\n<div  class=\"ppb_image_half_boxed_fixed_width one\" style=\"margin-top:50px;margin-bottom:100px;\" >\n<div class=\"standard_wrapper\">\n<div class=\"page_content_wrapper\">\n<div class=\"inner\">\n<div class=\"one_half content_middle fixed\" style=\"padding:40px; text-align:center;min-height:380px;background-color:#ffffff;\">\n<div class=\"content_middle_wrapper\">\n<div class=\"content_middle_content\">\n<h2 class=\"ppb_title\" style=\"\">Sobre mi<\/h2>\n<div class=\"ppb_header_content\">\n<blockquote style=\"font-size: 20px; text-align: center; margin-bottom: 20px;\">\n<p>\u201c<span style=\"color: #0f0f0f;\">Aqu\u00ed va el texto sobre m\u00ed para la p\u00e1gina web. Aqu\u00ed va el texto sobre m\u00ed para la p\u00e1gina web. Aqu\u00ed va el texto sobre m\u00ed para la p\u00e1gina web. Aqu\u00ed va el texto sobre m\u00ed para la p\u00e1gina web. Aqu\u00ed va el texto sobre m\u00ed para la p\u00e1gina web. Aqu\u00ed va el texto sobre m\u00ed para la p\u00e1gina web<\/span>\u201d<\/p>\n<\/blockquote>\n<\/div>\n<\/div>\n<\/div>\n<\/div>\n<div class=\"one_half content_middle last\" style=\"background-image:url(https:\/\/sandradomizi.com\/wp-content\/uploads\/2023\/11\/About-Me-2.jpg);min-height:380px;\"><\/div>\n<p><br class=\"clear\"\/><\/div>\n<\/div>\n<\/div>\n<\/div>\n<div  class=\"parallax\" data-jarallax-video=\"https:\/\/www.youtube.com\/watch?v=Gp1eUmnfZYs\" style=\"height:75vh; \"><\/div>\n<div  class=\"ppb_image_half_boxed_fixed_width one\" style=\"margin-top:40px;margin-bottom:40px;\" >\n<div class=\"standard_wrapper\">\n<div class=\"page_content_wrapper\">\n<div class=\"inner\">\n<div class=\"one_half content_middle\" style=\"background-image:url(https:\/\/sandradomizi.com\/wp-content\/uploads\/2023\/11\/Servicios-1-min-scaled.jpg);min-height:380px;\"><\/div>\n<div class=\"one_half last content_middle fixed\" style=\"padding:40px;text-align:center;min-height:380px; background-color:#ffffff;\">\n<div class=\"content_middle_wrapper\">\n<div class=\"content_middle_content\">\n<h2 class=\"ppb_title\" style=\"\">Servicios<\/h2>\n<div class=\"ppb_header_content\">\n<p style=\"text-align: left;\"><strong>Producci\u00f3n integral de eventos:<\/strong><br \/>\n-Sociales: cumplea\u00f1os, bodas, bautismos entre otros.<br \/>\n-Corporativos: Lanzamientos, Congresos, fiestas de fin de a\u00f1o, hospitalities, entre otros.<\/p>\n<p style=\"text-align: left;\"><strong>Direcci\u00f3n de eventos para terceros.<\/strong><\/p>\n<p style=\"text-align: left;\"><strong>Asesoramiento integral para eventos.<\/strong><\/p>\n<\/div>\n<\/div>\n<\/div>\n<\/div>\n<p><br class=\"clear\"\/><\/div>\n<\/div>\n<\/div>\n<\/div>\n<div class=\"one\" >\n<div class=\"horizontal_gallery\">\n<table class=\"horizontal_gallery_wrapper\">\n<tbody>\n<tr>\n<td class=\"horizontal_gallery_info\">\n<h2 class=\"ppb_title\">Eventos<\/h2>\n<div class=\"ppb_header_content\">\n<p>Te invitamos a explorar la magia y el esplendor de los eventos que hemos organizado<\/p>\n<\/div>\n<\/td>\n<td>\n<div class=\"gallery_image_wrapper\">\n\t\t\t\t    \t<img decoding=\"async\" src=\"https:\/\/sandradomizi.com\/wp-content\/uploads\/2017\/05\/alvin-mahmudov-172232.jpg\" alt=\"\" class=\"horizontal_gallery_img\" data-height=\"75\"\/><\/p>\n<div class=\"image_caption_wrapper\">\n<div class=\"image_caption\">Love is life. And if you miss love, you miss life<\/div>\n<\/div>\n<\/div>\n<\/td>\n<td>\n<div class=\"gallery_image_wrapper\">\n\t\t\t\t    \t<img decoding=\"async\" src=\"https:\/\/sandradomizi.com\/wp-content\/uploads\/2017\/02\/noah-hinton-199405.jpg\" alt=\"\" class=\"horizontal_gallery_img\" data-height=\"75\"\/><\/p>\n<div class=\"image_caption_wrapper\">\n<div class=\"image_caption\">In order to be happy oneself it is necessary to make at least one other person happy.<\/div>\n<\/div>\n<\/div>\n<\/td>\n<td>\n<div class=\"gallery_image_wrapper\">\n\t\t\t\t    \t<img decoding=\"async\" src=\"https:\/\/sandradomizi.com\/wp-content\/uploads\/2017\/02\/felix-russell-saw-130503.jpg\" alt=\"\" class=\"horizontal_gallery_img\" data-height=\"75\"\/><\/p>\n<div class=\"image_caption_wrapper\">\n<div class=\"image_caption\">Being deeply loved by someone gives you strength, while loving someone deeply gives you courage.<\/div>\n<\/div>\n<\/div>\n<\/td>\n<td>\n<div class=\"gallery_image_wrapper\">\n\t\t\t\t    \t<img decoding=\"async\" src=\"https:\/\/sandradomizi.com\/wp-content\/uploads\/2017\/02\/alvin-mahmudov-181259.jpg\" alt=\"\" class=\"horizontal_gallery_img\" data-height=\"75\"\/><\/p>\n<div class=\"image_caption_wrapper\">\n<div class=\"image_caption\">I look at you and see the rest of my life in front of my eyes.<\/div>\n<\/div>\n<\/div>\n<\/td>\n<td>\n<div class=\"gallery_image_wrapper\">\n\t\t\t\t    \t<img decoding=\"async\" src=\"https:\/\/sandradomizi.com\/wp-content\/uploads\/2017\/02\/ben-rosett-10611.jpg\" alt=\"\" class=\"horizontal_gallery_img\" data-height=\"75\"\/><\/p>\n<div class=\"image_caption_wrapper\">\n<div class=\"image_caption\">All, everything that I understand, I only understand because I love.<\/div>\n<\/div>\n<\/div>\n<\/td>\n<td>\n<div class=\"gallery_image_wrapper\">\n\t\t\t\t    \t<img decoding=\"async\" src=\"https:\/\/sandradomizi.com\/wp-content\/uploads\/2017\/02\/24921339175_84cea36c06_k.jpg\" alt=\"\" class=\"horizontal_gallery_img\" data-height=\"75\"\/><\/p>\n<div class=\"image_caption_wrapper\">\n<div class=\"image_caption\">Love is life. And if you miss love, you miss life<\/div>\n<\/div>\n<\/div>\n<\/td>\n<td>\n<div class=\"gallery_image_wrapper\">\n\t\t\t\t    \t<img decoding=\"async\" src=\"https:\/\/sandradomizi.com\/wp-content\/uploads\/2017\/02\/SS_California_Wedding_Photographer-1.jpg\" alt=\"\" class=\"horizontal_gallery_img\" data-height=\"75\"\/><\/p>\n<div class=\"image_caption_wrapper\">\n<div class=\"image_caption\">Once in awhile, right in the middle of an ordinary life, love gives us a fairy tale<\/div>\n<\/div>\n<\/div>\n<\/td>\n<td>\n<div class=\"gallery_image_wrapper\">\n\t\t\t\t    \t<img decoding=\"async\" src=\"https:\/\/sandradomizi.com\/wp-content\/uploads\/2017\/02\/anne-edgar-119384.jpg\" alt=\"\" class=\"horizontal_gallery_img\" data-height=\"75\"\/><\/p>\n<div class=\"image_caption_wrapper\">\n<div class=\"image_caption\">Love is life. And if you miss love, you miss life<\/div>\n<\/div>\n<\/div>\n<\/td>\n<\/tr>\n<\/tbody>\n<\/table><\/div>\n<\/p><\/div>\n<div  class=\"one withsmallpadding ppb_header parallax withbg \" style=\"background-image:url(https:\/\/sandradomizi.com\/wp-content\/uploads\/2023\/11\/Servicios-2-min-scaled.jpg);background-position: center top;text-align:center;padding:285px 0 285px 0;color:#ffffff;\" >\n<div class=\"overlay_background\" style=\"background:#000000;background:rgb(0,0,0,0.2);background:rgba(0,0,0,0.2);\"><\/div>\n<div class=\"standard_wrapper\">\n<div class=\"page_content_wrapper\">\n<div class=\"inner\">\n<div style=\"margin:auto;width:100%\">\n<h2 class=\"ppb_title\" style=\"color:#ffffff;\">Experiencia y pasi\u00f3n en cada detalle<\/h2>\n<\/div>\n<\/div>\n<\/div>\n<\/div>\n<\/div>\n<div  class=\"one withsmallpadding ppb_header \" style=\"text-align:left;padding:40px 0 40px 0;\" >\n<div class=\"standard_wrapper\">\n<div class=\"page_content_wrapper\">\n<div class=\"inner\">\n<div style=\"margin:auto;width:100%\">\n<h2 class=\"ppb_title\" style=\"\">Rese\u00f1as<\/h2>\n<\/div>\n<\/div>\n<\/div>\n<\/div>\n<\/div>\n<div class=\"standard_wrapper\">\n<div  class=\"one withsmallpadding ppb_testimonial_column\">\n<div class=\"page_content_wrapper\">\n<div class=\"inner\">\n<div class=\"testimonial_wrapper\">\n<div class=\"one_half testimonial_column_element animated1 \">\n<div class=\"testimonial_image animated\" data-animation=\"bigEntrance\"><img decoding=\"async\" class=\"team_pic\" src=\"https:\/\/sandradomizi.com\/wp-content\/uploads\/2014\/06\/istockphoto-1163683003-612x612-1-150x150.jpg\" alt=\"\"\/><\/div>\n<div class=\"testimonial_content\">\u00ab<em>Hola San, quer\u00edamos agradecerte el esfuerzo y la buena onda que le pusiste a nuestra fiesta, sin vos no hubi\u00e9semos podido lograr que todo salga tan bien! Para mi fue una fiesta perfecta, m\u00e1gica, incre\u00edble. Estuviste atenta a todo y a todos, un trabajo impecable!!!<\/em>\u00ab<\/div>\n<\/div>\n<div class=\"one_half testimonial_column_element animated2 last\">\n<div class=\"testimonial_image animated\" data-animation=\"bigEntrance\"><img decoding=\"async\" class=\"team_pic\" src=\"https:\/\/sandradomizi.com\/wp-content\/uploads\/2017\/05\/pexels-photo-25845-150x150.jpg\" alt=\"\"\/><\/div>\n<div class=\"testimonial_content\">\u00abGracias Sandra!! Sos muy capa! Todos tus proveedores resultaron excelentes.<br \/>\nUno mejor que el otro y totalmente adecuados a nuestras expectativas.<br \/>\nImpecable todo el evento, vos una genia como planner xq al haberte conocido en otros eventos me doy cuenta q lees muy bien al cliente y eso es esencial. Realmente disfrutamos mucho la fiesta y la devoluci\u00f3n por parte de nuestros amigos\u2026 siguen resonando hasta hoy! todos felices y eso es lo importante.\u00bb<\/div>\n<\/div>\n<\/div>\n<\/div>\n<\/div>\n<\/div>\n<\/div>\n","protected":false},"excerpt":{"rendered":"<p>Eventos exclusivos Sobre mi \u201cAqu\u00ed va el texto sobre m\u00ed para la p\u00e1gina web. Aqu\u00ed va el texto sobre m\u00ed para la p\u00e1gina web. Aqu\u00ed va el texto sobre m\u00ed para la p\u00e1gina web. Aqu\u00ed va el texto sobre m\u00ed [&hellip;]<\/p>\n","protected":false},"author":1,"featured_media":0,"parent":0,"menu_order":0,"comment_status":"closed","ping_status":"closed","template":"","meta":{"footnotes":""},"class_list":["post-3214","page","type-page","status-publish","hentry"],"_links":{"self":[{"href":"https:\/\/sandradomizi.com\/index.php\/wp-json\/wp\/v2\/pages\/3214","targetHints":{"allow":["GET"]}}],"collection":[{"href":"https:\/\/sandradomizi.com\/index.php\/wp-json\/wp\/v2\/pages"}],"about":[{"href":"https:\/\/sandradomizi.com\/index.php\/wp-json\/wp\/v2\/types\/page"}],"author":[{"embeddable":true,"href":"https:\/\/sandradomizi.com\/index.php\/wp-json\/wp\/v2\/users\/1"}],"replies":[{"embeddable":true,"href":"https:\/\/sandradomizi.com\/index.php\/wp-json\/wp\/v2\/comments?post=3214"}],"version-history":[{"count":37,"href":"https:\/\/sandradomizi.com\/index.php\/wp-json\/wp\/v2\/pages\/3214\/revisions"}],"predecessor-version":[{"id":3619,"href":"https:\/\/sandradomizi.com\/index.php\/wp-json\/wp\/v2\/pages\/3214\/revisions\/3619"}],"wp:attachment":[{"href":"https:\/\/sandradomizi.com\/index.php\/wp-json\/wp\/v2\/media?parent=3214"}],"curies":[{"name":"wp","href":"https:\/\/api.w.org\/{rel}","templated":true}]}}